{"id":1128,"date":"2024-03-05T22:23:08","date_gmt":"2024-03-05T21:23:08","guid":{"rendered":"https:\/\/walderlebnispfade.de\/sobre-mi\/"},"modified":"2025-02-02T11:35:25","modified_gmt":"2025-02-02T10:35:25","slug":"sobre-mi","status":"publish","type":"page","link":"https:\/\/walderlebnispfade.de\/es\/sobre-mi\/","title":{"rendered":"Sobre m\u00ed"},"content":{"rendered":"\n<p><strong>Me alegro de que hayas llegado hasta m\u00ed. Soy un entusiasta aficionado a las actividades al aire libre desde hace muchos a\u00f1os y me gustar\u00eda compartir aqu\u00ed contigo mis experiencias de grandes aventuras en Alemania y Europa durante los \u00faltimos a\u00f1os. Ya sea escalando, haciendo senderismo o simplemente disfrutando de la naturaleza, hay muchas formas estupendas de pasar el tiempo al aire libre. Seguro que hay algo para ti en nuestra colecci\u00f3n de <a href=\"https:\/\/walderlebnispfade.de\/es\/experiencias-forestales\/\" data-type=\"page\" data-id=\"228\">experiencias forestales <\/a>.<\/strong><\/p>\n<style>.kb-row-layout-id226_3c0262-82 > .kt-row-column-wrap{align-content:start;}:where(.kb-row-layout-id226_3c0262-82 > .kt-row-column-wrap) > .wp-block-kadence-column{justify-content:start;}.kb-row-layout-id226_3c0262-82 > .kt-row-column-wrap{column-gap:var(--global-kb-gap-md, 2rem);row-gap:var(--global-kb-gap-md, 2rem);padding-top:var(--global-kb-spacing-sm, 1.5rem);padding-bottom:var(--global-kb-spacing-sm, 1.5rem);grid-template-columns:minmax(0, 2fr) minmax(0, 1fr);}.kb-row-layout-id226_3c0262-82 > .kt-row-layout-overlay{opacity:0.30;}@media all and (max-width: 1024px){.kb-row-layout-id226_3c0262-82 > .kt-row-column-wrap{grid-template-columns:minmax(0, 2fr) minmax(0, 1fr);}}@media all and (max-width: 767px){.kb-row-layout-id226_3c0262-82 > .kt-row-column-wrap{grid-template-columns:minmax(0, 1fr);}}<\/style><div class=\"kb-row-layout-wrap kb-row-layout-id226_3c0262-82 alignnone wp-block-kadence-rowlayout\"><div class=\"kt-row-column-wrap kt-has-2-columns kt-row-layout-left-golden kt-tab-layout-inherit kt-mobile-layout-row kt-row-valign-top\">\n<style>.kadence-column226_44fc28-2e > .kt-inside-inner-col,.kadence-column226_44fc28-2e > .kt-inside-inner-col:before{border-top-left-radius:0px;border-top-right-radius:0px;border-bottom-right-radius:0px;border-bottom-left-radius:0px;}.kadence-column226_44fc28-2e > .kt-inside-inner-col{column-gap:var(--global-kb-gap-sm, 1rem);}.kadence-column226_44fc28-2e > .kt-inside-inner-col{flex-direction:column;}.kadence-column226_44fc28-2e > .kt-inside-inner-col > .aligncenter{width:100%;}.kadence-column226_44fc28-2e > .kt-inside-inner-col:before{opacity:0.3;}.kadence-column226_44fc28-2e{position:relative;}@media all and (max-width: 1024px){.kadence-column226_44fc28-2e > .kt-inside-inner-col{flex-direction:column;justify-content:center;}}@media all and (max-width: 767px){.kadence-column226_44fc28-2e > .kt-inside-inner-col{flex-direction:column;justify-content:center;}}<\/style>\n<div class=\"wp-block-kadence-column kadence-column226_44fc28-2e\"><div class=\"kt-inside-inner-col\"><style>.wp-block-kadence-advancedheading.kt-adv-heading226_3d67b6-b6, .wp-block-kadence-advancedheading.kt-adv-heading226_3d67b6-b6[data-kb-block=\"kb-adv-heading226_3d67b6-b6\"]{font-style:normal;}.wp-block-kadence-advancedheading.kt-adv-heading226_3d67b6-b6 mark.kt-highlight, .wp-block-kadence-advancedheading.kt-adv-heading226_3d67b6-b6[data-kb-block=\"kb-adv-heading226_3d67b6-b6\"] mark.kt-highlight{font-style:normal;color:#f76a0c;-webkit-box-decoration-break:clone;box-decoration-break:clone;padding-top:0px;padding-right:0px;padding-bottom:0px;padding-left:0px;}.wp-block-kadence-advancedheading.kt-adv-heading226_3d67b6-b6 img.kb-inline-image, .wp-block-kadence-advancedheading.kt-adv-heading226_3d67b6-b6[data-kb-block=\"kb-adv-heading226_3d67b6-b6\"] img.kb-inline-image{width:150px;vertical-align:baseline;}<\/style>\n<p class=\"kt-adv-heading226_3d67b6-b6 wp-block-kadence-advancedheading\" data-kb-block=\"kb-adv-heading226_3d67b6-b6\">Todo empez\u00f3 hace muchos a\u00f1os con excursiones por los alrededores, aqu\u00ed, en la hermosa Renania. Escalar, hacer senderismo, desconectar: las excursiones de un d\u00eda se convirtieron en viajes de fin de semana y, finalmente, en semanas enteras en la naturaleza.  <br\/><br\/>Eso se ha convertido en lo m\u00e1s importante de mi vida. Ahora he visitado muchos pa\u00edses de todo el mundo y en todas partes me han acogido calurosamente. No me gustar\u00eda perder el contacto con toda la gente agradable que he conocido en mis viajes.<\/p>\n\n\n\n<p>Hay un destino que me atrae especialmente: las islas de Cabo Verde. El lema caboverdiano \u00abSin estr\u00e9s\u00bb es maravillosamente relajante. Si tambi\u00e9n te interesa, echa un vistazo a <a href=\"https:\/\/traumurlaub-kapverden.de\/\" target=\"_blank\" rel=\"noreferrer noopener\">Traumurlaub-Kapverden.de<\/a><br\/><br\/>Si todav\u00eda necesitas equipamiento para tus aventuras al aire libre, echa un vistazo a <a href=\"https:\/\/outdoorwelt24.net\/\" target=\"_blank\" rel=\"noreferrer noopener\">Outdoorwelt24.net<\/a>.<\/p>\n<\/div><\/div>\n\n\n<style>.kadence-column226_d9b5f4-e5 > .kt-inside-inner-col,.kadence-column226_d9b5f4-e5 > .kt-inside-inner-col:before{border-top-left-radius:0px;border-top-right-radius:0px;border-bottom-right-radius:0px;border-bottom-left-radius:0px;}.kadence-column226_d9b5f4-e5 > .kt-inside-inner-col{column-gap:var(--global-kb-gap-sm, 1rem);}.kadence-column226_d9b5f4-e5 > .kt-inside-inner-col{flex-direction:column;}.kadence-column226_d9b5f4-e5 > .kt-inside-inner-col > .aligncenter{width:100%;}.kadence-column226_d9b5f4-e5 > .kt-inside-inner-col:before{opacity:0.3;}.kadence-column226_d9b5f4-e5{position:relative;}@media all and (max-width: 1024px){.kadence-column226_d9b5f4-e5 > .kt-inside-inner-col{flex-direction:column;justify-content:center;}}@media all and (max-width: 767px){.kadence-column226_d9b5f4-e5 > .kt-inside-inner-col{flex-direction:column;justify-content:center;}}<\/style>\n<div class=\"wp-block-kadence-column kadence-column226_d9b5f4-e5\"><div class=\"kt-inside-inner-col\"><style>.kb-image226_0733c3-1f .kb-image-has-overlay:after{opacity:0.3;}<\/style>\n<figure class=\"wp-block-kadence-image kb-image226_0733c3-1f size-full\"><img loading=\"lazy\" decoding=\"async\" width=\"384\" height=\"512\" src=\"https:\/\/walderlebnispfade.de\/wp-content\/uploads\/2024\/07\/Moni_Wandern-1.jpg\" alt=\"Senderos de aventura por el bosque de Monika Ring\" class=\"kb-img wp-image-4803\" srcset=\"https:\/\/walderlebnispfade.de\/wp-content\/uploads\/2024\/07\/Moni_Wandern-1.jpg 384w, https:\/\/walderlebnispfade.de\/wp-content\/uploads\/2024\/07\/Moni_Wandern-1-225x300.jpg 225w\" sizes=\"auto, (max-width: 384px) 100vw, 384px\" \/><\/figure>\n<\/div><\/div>\n\n<\/div><\/div>\n<p>Nota: Todos los enlaces marcados con * son enlaces de afiliados. Eso significa que si compras all\u00ed me llevo una peque\u00f1a comisi\u00f3n. El precio de los productos no cambiar\u00e1 para ti. Esto me permite cubrir al menos una peque\u00f1a parte de los costes. \u00a1Muchas gracias por tu apoyo!<\/p>\n\n<p>Mis mejores deseos y felices horas al aire libre,<\/p>\n\n<p>Tu Moni<\/p>\n","protected":false},"excerpt":{"rendered":"<p>Me alegro de que hayas llegado hasta m\u00ed. Soy un entusiasta aficionado a las actividades al aire libre desde hace muchos a\u00f1os y me gustar\u00eda compartir aqu\u00ed contigo mis experiencias de grandes aventuras en Alemania y Europa durante los \u00faltimos a\u00f1os. Ya sea escalando, haciendo senderismo o simplemente disfrutando de la naturaleza, hay muchas formas&#8230;<\/p>\n","protected":false},"author":2,"featured_media":4802,"parent":0,"menu_order":0,"comment_status":"closed","ping_status":"closed","template":"","meta":{"_kad_blocks_custom_css":"","_kad_blocks_head_custom_js":"","_kad_blocks_body_custom_js":"","_kad_blocks_footer_custom_js":"","_kad_post_transparent":"","_kad_post_title":"","_kad_post_layout":"","_kad_post_sidebar_id":"","_kad_post_content_style":"","_kad_post_vertical_padding":"","_kad_post_feature":"","_kad_post_feature_position":"","_kad_post_header":false,"_kad_post_footer":false,"_kad_post_classname":"","yasr_overall_rating":0,"yasr_post_is_review":"","yasr_auto_insert_disabled":"","yasr_review_type":"","footnotes":""},"class_list":["post-1128","page","type-page","status-publish","has-post-thumbnail","hentry"],"yasr_visitor_votes":{"stars_attributes":{"read_only":false,"span_bottom":false},"number_of_votes":0,"sum_votes":0},"taxonomy_info":[],"featured_image_src_large":["https:\/\/walderlebnispfade.de\/wp-content\/uploads\/2024\/07\/Moni_Krokodil_2.jpg",1024,768,false],"author_info":{"display_name":"Moni","author_link":"https:\/\/walderlebnispfade.de\/es\/author\/moni\/"},"comment_info":0,"_links":{"self":[{"href":"https:\/\/walderlebnispfade.de\/es\/wp-json\/wp\/v2\/pages\/1128","targetHints":{"allow":["GET"]}}],"collection":[{"href":"https:\/\/walderlebnispfade.de\/es\/wp-json\/wp\/v2\/pages"}],"about":[{"href":"https:\/\/walderlebnispfade.de\/es\/wp-json\/wp\/v2\/types\/page"}],"author":[{"embeddable":true,"href":"https:\/\/walderlebnispfade.de\/es\/wp-json\/wp\/v2\/users\/2"}],"replies":[{"embeddable":true,"href":"https:\/\/walderlebnispfade.de\/es\/wp-json\/wp\/v2\/comments?post=1128"}],"version-history":[{"count":5,"href":"https:\/\/walderlebnispfade.de\/es\/wp-json\/wp\/v2\/pages\/1128\/revisions"}],"predecessor-version":[{"id":6272,"href":"https:\/\/walderlebnispfade.de\/es\/wp-json\/wp\/v2\/pages\/1128\/revisions\/6272"}],"wp:featuredmedia":[{"embeddable":true,"href":"https:\/\/walderlebnispfade.de\/es\/wp-json\/wp\/v2\/media\/4802"}],"wp:attachment":[{"href":"https:\/\/walderlebnispfade.de\/es\/wp-json\/wp\/v2\/media?parent=1128"}],"curies":[{"name":"wp","href":"https:\/\/api.w.org\/{rel}","templated":true}]}}