{"id":7808,"date":"2026-04-19T14:15:48","date_gmt":"2026-04-19T12:15:48","guid":{"rendered":"https:\/\/walderlebnispfade.de\/contact\/"},"modified":"2026-04-21T21:24:50","modified_gmt":"2026-04-21T19:24:50","slug":"contact","status":"publish","type":"page","link":"https:\/\/walderlebnispfade.de\/fr\/contact\/","title":{"rendered":"Contact"},"content":{"rendered":"\n<p>N\u2019h\u00e9site pas \u00e0 me contacter si tu as des suggestions d\u2019am\u00e9lioration ou si tu as trouv\u00e9 des erreurs dans les fiches. Je suis aussi toujours preneur de nouvelles exp\u00e9riences \u00e0 ajouter. <\/p>\n<style>.wp-block-kadence-advanced-form7726-cpt-id{background:var(--global-palette8, #F7FAFC);}.wp-block-kadence-advanced-form7726-cpt-id .kb-advanced-form input[type=text],.wp-block-kadence-advanced-form7726-cpt-id .kb-advanced-form input[type=tel],.wp-block-kadence-advanced-form7726-cpt-id .kb-advanced-form input[type=number],.wp-block-kadence-advanced-form7726-cpt-id .kb-advanced-form input[type=date],.wp-block-kadence-advanced-form7726-cpt-id .kb-advanced-form input[type=time],.wp-block-kadence-advanced-form7726-cpt-id .kb-advanced-form input[type=email],.wp-block-kadence-advanced-form7726-cpt-id .kb-advanced-form input[type=file],.wp-block-kadence-advanced-form7726-cpt-id .kb-advanced-form select,.wp-block-kadence-advanced-form7726-cpt-id .kb-advanced-form textarea{border-top-left-radius:5px;border-top-right-radius:5px;border-bottom-right-radius:5px;border-bottom-left-radius:5px;box-shadow:1px 1px 2px 0px rgba(0, 0, 0, 0.2);}<\/style><div class=\"wp-block-kadence-advanced-form wp-block-kadence-advanced-form7726-cpt-id kb-adv-form-label-style-normal kb-adv-form-input-size-standard kb-form-basic-style kb-form-has-background wp-block-kadence-advanced-form\"><form id=\"kb-adv-form-7726-cpt-id\" class=\"kb-advanced-form\" method=\"post\">\n<style>.kb-row-layout-id7725_58f2ab-37 > .kt-row-column-wrap{align-content:start;}:where(.kb-row-layout-id7725_58f2ab-37 > .kt-row-column-wrap) > .wp-block-kadence-column{justify-content:start;}.kb-row-layout-id7725_58f2ab-37 > .kt-row-column-wrap{column-gap:var(--global-kb-gap-md, 2rem);row-gap:var(--global-kb-gap-md, 2rem);padding-top:0px;padding-right:0px;padding-bottom:0px;padding-left:0px;grid-template-columns:repeat(2, minmax(0, 1fr));}.kb-row-layout-id7725_58f2ab-37 > .kt-row-layout-overlay{opacity:0.30;}@media all and (max-width: 1024px){.kb-row-layout-id7725_58f2ab-37 > .kt-row-column-wrap{grid-template-columns:repeat(2, minmax(0, 1fr));}}@media all and (max-width: 767px){.kb-row-layout-id7725_58f2ab-37 > .kt-row-column-wrap{grid-template-columns:minmax(0, 1fr);}}<\/style><div class=\"kb-row-layout-wrap kb-row-layout-id7725_58f2ab-37 alignnone wp-block-kadence-rowlayout\"><div class=\"kt-row-column-wrap kt-has-2-columns kt-row-layout-equal kt-tab-layout-inherit kt-mobile-layout-row kt-row-valign-top\">\n<style>.kadence-column7725_b86fb1-e2 > .kt-inside-inner-col,.kadence-column7725_b86fb1-e2 > .kt-inside-inner-col:before{border-top-left-radius:0px;border-top-right-radius:0px;border-bottom-right-radius:0px;border-bottom-left-radius:0px;}.kadence-column7725_b86fb1-e2 > .kt-inside-inner-col{column-gap:var(--global-kb-gap-sm, 1rem);}.kadence-column7725_b86fb1-e2 > .kt-inside-inner-col{flex-direction:column;}.kadence-column7725_b86fb1-e2 > .kt-inside-inner-col > .aligncenter{width:100%;}.kadence-column7725_b86fb1-e2 > .kt-inside-inner-col:before{opacity:0.3;}.kadence-column7725_b86fb1-e2{position:relative;}@media all and (max-width: 1024px){.kadence-column7725_b86fb1-e2 > .kt-inside-inner-col{flex-direction:column;justify-content:center;}}@media all and (max-width: 767px){.kadence-column7725_b86fb1-e2 > .kt-inside-inner-col{flex-direction:column;justify-content:center;}}<\/style>\n<div class=\"wp-block-kadence-column kadence-column7725_b86fb1-e2\"><div class=\"kt-inside-inner-col\"><div class=\"kb-adv-form-field kb-adv-form-text-type-input kb-adv-form-infield-type-input kb-field7726dd1578-58 wp-block-kadence-advanced-form-text\"><label class=\"kb-adv-form-label\" for=\"field7726dd1578-58\">Name<\/label><input name=\"fielddd1578-58\" id=\"field7726dd1578-58\" data-label=\"Name\" type=\"text\" placeholder=\"\" value=\"\" data-type=\"text\" class=\"kb-field kb-text-field\" data-required=\"no\" \/><\/div><\/div><\/div>\n\n\n<style>.kadence-column7725_89a277-19 > .kt-inside-inner-col,.kadence-column7725_89a277-19 > .kt-inside-inner-col:before{border-top-left-radius:0px;border-top-right-radius:0px;border-bottom-right-radius:0px;border-bottom-left-radius:0px;}.kadence-column7725_89a277-19 > .kt-inside-inner-col{column-gap:var(--global-kb-gap-sm, 1rem);}.kadence-column7725_89a277-19 > .kt-inside-inner-col{flex-direction:column;}.kadence-column7725_89a277-19 > .kt-inside-inner-col > .aligncenter{width:100%;}.kadence-column7725_89a277-19 > .kt-inside-inner-col:before{opacity:0.3;}.kadence-column7725_89a277-19{position:relative;}@media all and (max-width: 1024px){.kadence-column7725_89a277-19 > .kt-inside-inner-col{flex-direction:column;justify-content:center;}}@media all and (max-width: 767px){.kadence-column7725_89a277-19 > .kt-inside-inner-col{flex-direction:column;justify-content:center;}}<\/style>\n<div class=\"wp-block-kadence-column kadence-column7725_89a277-19\"><div class=\"kt-inside-inner-col\"><div class=\"kb-adv-form-field kb-adv-form-text-type-input kb-adv-form-infield-type-input kb-field7726095c62-00 wp-block-kadence-advanced-form-email\"><label class=\"kb-adv-form-label\" for=\"field7726095c62-00\">Email<span class=\"kb-adv-form-required\">*<\/span><\/label><input name=\"field095c62-00\" id=\"field7726095c62-00\" data-label=\"Email\" type=\"email\" placeholder=\"\" value=\"\" data-type=\"email\" class=\"kb-field kb-email-field\" data-required=\"yes\" required aria-required=\"true\"\/><\/div><\/div><\/div>\n\n<\/div><\/div>\n\n<style>.kb-row-layout-id7725_c93d4f-b3 > .kt-row-column-wrap{align-content:start;}:where(.kb-row-layout-id7725_c93d4f-b3 > .kt-row-column-wrap) > .wp-block-kadence-column{justify-content:start;}.kb-row-layout-id7725_c93d4f-b3 > .kt-row-column-wrap{column-gap:var(--global-kb-gap-md, 2rem);row-gap:var(--global-kb-gap-md, 2rem);padding-top:0px;padding-right:0px;padding-bottom:0px;padding-left:0px;grid-template-columns:repeat(2, minmax(0, 1fr));}.kb-row-layout-id7725_c93d4f-b3 > .kt-row-layout-overlay{opacity:0.30;}@media all and (max-width: 1024px){.kb-row-layout-id7725_c93d4f-b3 > .kt-row-column-wrap{grid-template-columns:repeat(2, minmax(0, 1fr));}}@media all and (max-width: 767px){.kb-row-layout-id7725_c93d4f-b3 > .kt-row-column-wrap{grid-template-columns:minmax(0, 1fr);}}<\/style><div class=\"kb-row-layout-wrap kb-row-layout-id7725_c93d4f-b3 alignnone wp-block-kadence-rowlayout\"><div class=\"kt-row-column-wrap kt-has-2-columns kt-row-layout-equal kt-tab-layout-inherit kt-mobile-layout-row kt-row-valign-top\">\n<style>.kadence-column7725_14e1af-1d > .kt-inside-inner-col,.kadence-column7725_14e1af-1d > .kt-inside-inner-col:before{border-top-left-radius:0px;border-top-right-radius:0px;border-bottom-right-radius:0px;border-bottom-left-radius:0px;}.kadence-column7725_14e1af-1d > .kt-inside-inner-col{column-gap:var(--global-kb-gap-sm, 1rem);}.kadence-column7725_14e1af-1d > .kt-inside-inner-col{flex-direction:column;}.kadence-column7725_14e1af-1d > .kt-inside-inner-col > .aligncenter{width:100%;}.kadence-column7725_14e1af-1d > .kt-inside-inner-col:before{opacity:0.3;}.kadence-column7725_14e1af-1d{position:relative;}@media all and (max-width: 1024px){.kadence-column7725_14e1af-1d > .kt-inside-inner-col{flex-direction:column;justify-content:center;}}@media all and (max-width: 767px){.kadence-column7725_14e1af-1d > .kt-inside-inner-col{flex-direction:column;justify-content:center;}}<\/style>\n<div class=\"wp-block-kadence-column kadence-column7725_14e1af-1d\"><div class=\"kt-inside-inner-col\"><div class=\"kb-adv-form-field kb-adv-form-infield-type-input kb-field7726d8a474-90 wp-block-kadence-advanced-form-select\"><label class=\"kb-adv-form-label\" for=\"field7726d8a474-90\">Ich melde mich aus folgendem Grund:<\/label><select  name=\"fieldd8a474-90\" id=\"field7726d8a474-90\" ><option value=\"Allgemein\">Allgemein<\/option><option value=\"Erlebnis-Aufnahme\">Erlebnis-Aufnahme<\/option><option value=\"Korrektur-Antrag\">Korrektur-Antrag<\/option><option value=\"Verbesserungsvorschlag\">Verbesserungsvorschlag<\/option><\/select><\/div><\/div><\/div>\n\n\n<style>.kadence-column7725_3ffc98-c1 > .kt-inside-inner-col,.kadence-column7725_3ffc98-c1 > .kt-inside-inner-col:before{border-top-left-radius:0px;border-top-right-radius:0px;border-bottom-right-radius:0px;border-bottom-left-radius:0px;}.kadence-column7725_3ffc98-c1 > .kt-inside-inner-col{column-gap:var(--global-kb-gap-sm, 1rem);}.kadence-column7725_3ffc98-c1 > .kt-inside-inner-col{flex-direction:column;}.kadence-column7725_3ffc98-c1 > .kt-inside-inner-col > .aligncenter{width:100%;}.kadence-column7725_3ffc98-c1 > .kt-inside-inner-col:before{opacity:0.3;}.kadence-column7725_3ffc98-c1{position:relative;}@media all and (max-width: 1024px){.kadence-column7725_3ffc98-c1 > .kt-inside-inner-col{flex-direction:column;justify-content:center;}}@media all and (max-width: 767px){.kadence-column7725_3ffc98-c1 > .kt-inside-inner-col{flex-direction:column;justify-content:center;}}<\/style>\n<div class=\"wp-block-kadence-column kadence-column7725_3ffc98-c1\"><div class=\"kt-inside-inner-col\"><div class=\"kb-adv-form-field kb-adv-form-infield-type-input kb-field77261d9d8e-ab wp-block-kadence-advanced-form-select\"><label class=\"kb-adv-form-label\" for=\"field77261d9d8e-ab\">Kategorie:<\/label><select  name=\"field1d9d8e-ab\" id=\"field77261d9d8e-ab\" ><option value=\"Allgemein\">Allgemein<\/option><option value=\"Baumhaushotel\">Baumhaushotel<\/option><option value=\"Kletterw\u00e4lder\">Kletterw\u00e4lder<\/option><option value=\"Hochseilg\u00e4rten\">Hochseilg\u00e4rten<\/option><option value=\"Baumwipfelpfade\">Baumwipfelpfade<\/option><\/select><\/div><\/div><\/div>\n\n<\/div><\/div>\n\n<div class=\"kb-adv-form-field kb-adv-form-text-type-input kb-adv-form-infield-type-input kb-field7726fbf3e6-f9 wp-block-kadence-advanced-form-textarea\"><label class=\"kb-adv-form-label\" for=\"field7726fbf3e6-f9\">Nachricht<span class=\"kb-adv-form-required\">*<\/span><\/label><textarea name=\"fieldfbf3e6-f9\" id=\"field7726fbf3e6-f9\" rows=\"3\"  data-label=\"Nachricht\" placeholder=\"\" data-type=\"textarea\" class=\"kb-field kb-textarea-field\" data-required=\"yes\" required aria-required=\"true\"><\/textarea><\/div>\n\n<input type=\"hidden\" name=\"recaptcha_response\" class=\"kb_recaptcha_response kb_recaptcha_6a8297-a1\" \/>\n\n<style>ul.menu .kb-submit-field .kb-btn752e90-91.kb-button{width:initial;}.kb-submit-field.kb-field752e90-91{justify-content:flex-start;}<\/style><div class=\"kb-adv-form-field kb-submit-field kb-field752e90-91 wp-block-kadence-advanced-form-submit\"><button class=\"kb-button kt-button button kb-adv-form-submit-button kb-btn752e90-91 kt-btn-size-standard kt-btn-width-type-auto kb-btn-global-fill kt-btn-has-text-true kt-btn-has-svg-false\" type=\"submit\"><span class=\"kt-btn-inner-text\">Absenden<\/span><\/button><\/div>\n<input type=\"hidden\" name=\"_kb_adv_form_post_id\" value=\"7726\"><input type=\"hidden\" name=\"action\" value=\"kb_process_advanced_form_submit\"><input type=\"hidden\" name=\"_kb_adv_form_id\" value=\"7726-cpt-id\"><\/form><\/div>\n<p><\/p>\n","protected":false},"excerpt":{"rendered":"<p>N\u2019h\u00e9site pas \u00e0 me contacter si tu as des suggestions d\u2019am\u00e9lioration ou si tu as trouv\u00e9 des erreurs dans les fiches. Je suis aussi toujours preneur de nouvelles exp\u00e9riences \u00e0 ajouter.<\/p>\n","protected":false},"author":1,"featured_media":0,"parent":0,"menu_order":0,"comment_status":"closed","ping_status":"closed","template":"","meta":{"_kad_blocks_custom_css":"","_kad_blocks_head_custom_js":"","_kad_blocks_body_custom_js":"","_kad_blocks_footer_custom_js":"","_kad_post_transparent":"","_kad_post_title":"","_kad_post_layout":"","_kad_post_sidebar_id":"","_kad_post_content_style":"","_kad_post_vertical_padding":"","_kad_post_feature":"","_kad_post_feature_position":"","_kad_post_header":false,"_kad_post_footer":false,"_kad_post_classname":"","yasr_overall_rating":0,"yasr_post_is_review":"","yasr_auto_insert_disabled":"","yasr_review_type":"","footnotes":""},"class_list":["post-7808","page","type-page","status-publish","hentry"],"yasr_visitor_votes":{"stars_attributes":{"read_only":false,"span_bottom":false},"number_of_votes":0,"sum_votes":0},"taxonomy_info":[],"featured_image_src_large":false,"author_info":{"display_name":"WeP-Admin","author_link":"https:\/\/walderlebnispfade.de\/fr\/author\/wep-admin\/"},"comment_info":0,"_links":{"self":[{"href":"https:\/\/walderlebnispfade.de\/fr\/wp-json\/wp\/v2\/pages\/7808","targetHints":{"allow":["GET"]}}],"collection":[{"href":"https:\/\/walderlebnispfade.de\/fr\/wp-json\/wp\/v2\/pages"}],"about":[{"href":"https:\/\/walderlebnispfade.de\/fr\/wp-json\/wp\/v2\/types\/page"}],"author":[{"embeddable":true,"href":"https:\/\/walderlebnispfade.de\/fr\/wp-json\/wp\/v2\/users\/1"}],"replies":[{"embeddable":true,"href":"https:\/\/walderlebnispfade.de\/fr\/wp-json\/wp\/v2\/comments?post=7808"}],"version-history":[{"count":3,"href":"https:\/\/walderlebnispfade.de\/fr\/wp-json\/wp\/v2\/pages\/7808\/revisions"}],"predecessor-version":[{"id":7825,"href":"https:\/\/walderlebnispfade.de\/fr\/wp-json\/wp\/v2\/pages\/7808\/revisions\/7825"}],"wp:attachment":[{"href":"https:\/\/walderlebnispfade.de\/fr\/wp-json\/wp\/v2\/media?parent=7808"}],"curies":[{"name":"wp","href":"https:\/\/api.w.org\/{rel}","templated":true}]}}